{"id":2051,"date":"2016-04-14T11:01:49","date_gmt":"2016-04-14T09:01:49","guid":{"rendered":"http:\/\/www.domesle.eu\/?page_id=2051"},"modified":"2025-02-18T13:30:12","modified_gmt":"2025-02-18T12:30:12","slug":"ueberuns-2","status":"publish","type":"page","link":"https:\/\/www.domesle.eu\/?page_id=2051","title":{"rendered":"\u00dcber uns"},"content":{"rendered":"<p>[vc_row overlay_set=&#8220;show_overlay_color&#8220; overlay_color=&#8220;#ffffff&#8220; overlay_opacity=&#8220;30&#8243; css=&#8220;.vc_custom_1516272306531{margin-top: -70px !important;background-image: url(http:\/\/domesle.hrkollektiv.de\/wp-content\/uploads\/2015\/10\/sichtbeton-domesle-platzhalter-bild.jpg?id=2376) !important;background-position: 0 0 !important;background-repeat: repeat !important;}&#8220;][vc_column][vc_row_inner layout=&#8220;boxed&#8220;][vc_column_inner width=&#8220;1\/2&#8243;][vc_empty_space height=&#8220;90px&#8220;]<\/p>\n<p><img loading=\"lazy\" decoding=\"async\" class=\"wp-image-2604 \" src=\"http:\/\/www.domesle.eu\/wp-content\/uploads\/2022\/07\/18x06x06-Stapler-300x169.jpg\" alt=\"\" width=\"371\" height=\"209\" srcset=\"https:\/\/www.domesle.eu\/wp-content\/uploads\/2022\/07\/18x06x06-Stapler-300x169.jpg 300w, https:\/\/www.domesle.eu\/wp-content\/uploads\/2022\/07\/18x06x06-Stapler-768x432.jpg 768w, https:\/\/www.domesle.eu\/wp-content\/uploads\/2022\/07\/18x06x06-Stapler-1024x576.jpg 1024w\" sizes=\"auto, (max-width: 371px) 100vw, 371px\" \/><\/p>\n<p><img loading=\"lazy\" decoding=\"async\" class=\"alignnone size-medium wp-image-2348\" src=\"http:\/\/www.domesle.eu\/wp-content\/uploads\/2017\/01\/fertige-Betonsteine-Betonbloecke-4-300x225.jpg\" alt=\"\" width=\"300\" height=\"225\" srcset=\"https:\/\/www.domesle.eu\/wp-content\/uploads\/2017\/01\/fertige-Betonsteine-Betonbloecke-4-300x225.jpg 300w, https:\/\/www.domesle.eu\/wp-content\/uploads\/2017\/01\/fertige-Betonsteine-Betonbloecke-4-768x576.jpg 768w, https:\/\/www.domesle.eu\/wp-content\/uploads\/2017\/01\/fertige-Betonsteine-Betonbloecke-4-1024x768.jpg 1024w\" sizes=\"auto, (max-width: 300px) 100vw, 300px\" \/><\/p>\n<p>[\/vc_column_inner][vc_column_inner width=&#8220;1\/2&#8243; css=&#8220;.vc_custom_1516271464373{background-color: rgba(255,255,255,0.37) !important;*background-color: rgb(255,255,255) !important;}&#8220;][vc_empty_space height=&#8220;60px&#8220;]\t\t\t<div class=\"cortana-heading border-bottom left style1 \" >\n\t\t\t\t\t\t\t\t\t<h2 style=\"font-size:20px\">\u00dcber DOMESLE<\/h2>\n\t\t\t\t\t\t\t<\/div>\n\t\t\t[vc_column_text el_class=&#8220;margin-bottom-25&#8243;]<strong>Seit Mitte 2017 konzentrieren wir uns auf unsere \u00a0hoch qualitativen Betonsteinschalungen. Zum 1. \u00a0September 2017 sind wir umgezogen und Sie finden uns seitdem in unseren neuen R\u00e4umlichkeiten in \u00a0Burglengenfeld, Nahe Regensburg, Oberpfalz, in Bayern. \u00a0<\/strong><\/p>\n<p>Die <strong>DOMESLE-Betonstein-Schalungen<\/strong> sichern Ihnen immer absolut exakte \u00a0Ma\u00dfgenauigkeit und hervorragende Optik Ihrer Steine zu. Alle Kanten \u00a0werden selbstverst\u00e4ndlich mit Dreikantleisten gebrochen. Wir bieten verschiedenste Abmessungen an. Unsere Betonblock &#8211; Schalungen erhalten \u00a0Sie bei uns mit Bodenplatte und abklappbaren Seitenw\u00e4nden oder in einer einfacheren Version ohne Bodenplatte. Alle Betonstein-Schalungen mit Bodenplatte sind flexibel einsetzbar, da sie jederzeit mit einem Gabelstapler versetzt werden k\u00f6nnen. Die damit produzierten Betonsteine oder Betonbl\u00f6cke sind <strong>absolut ma\u00dfgenau<\/strong> und optisch sehr ansprechend und damit besonders gut f\u00fcr den Garten- und Landschaftsbau (GaLa-Bau) geeignet. Selbstverst\u00e4ndlich aber auch f\u00fcr alle Fertigbetonteilwerke, Beton- und Sch\u00fcttgut-Hersteller, Bauunternehmen, Handwerker, Bauh\u00f6fe&#8230;<\/p>\n<p>Selbstverst\u00e4ndlich bieten wir Ihnen auch Betonsteinschalungen ohne Bodenplatte an.<\/p>\n<p>Wir erweitern stetig unser Produktspektrum. So erhalten Sie bei uns auch Zubeh\u00f6r, wie z. B. Fertigteilzangen, Stapleraussparungen, etc.. Oder auch Ersatzteile, wie z. B. Grobgewindeschrauben, etc.<\/p>\n<p><strong>DOMESLE<\/strong> Stahlschalungen gibt es bereits seit 1966. Wir stellen Ihnen unsere langj\u00e4hrige Erfahrung im Schalungsbau bei allen Projekten zu Verf\u00fcgung.<\/p>\n<p>[\/vc_column_text][\/vc_column_inner][\/vc_row_inner][\/vc_column][\/vc_row]<\/p>\n","protected":false},"excerpt":{"rendered":"<p>[vc_row overlay_set=&#8220;show_overlay_color&#8220; overlay_color=&#8220;#ffffff&#8220; overlay_opacity=&#8220;30&#8243; css=&#8220;.vc_custom_1516272306531{margin-top: -70px !important;background-image: url(http:\/\/domesle.hrkollektiv.de\/wp-content\/uploads\/2015\/10\/sichtbeton-domesle-platzhalter-bild.jpg?id=2376) !important;background-position: 0 0 !important;background-repeat: repeat !important;}&#8220;][vc_column][vc_row_inner layout=&#8220;boxed&#8220;][vc_column_inner width=&#8220;1\/2&#8243;][vc_empty_space height=&#8220;90px&#8220;] [\/vc_column_inner][vc_column_inner width=&#8220;1\/2&#8243; css=&#8220;.vc_custom_1516271464373{background-color: rgba(255,255,255,0.37) !important;*background-color: rgb(255,255,255) !important;}&#8220;][vc_empty_space height=&#8220;60px&#8220;][vc_column_text el_class=&#8220;margin-bottom-25&#8243;]Seit Mitte 2017 konzentrieren wir uns auf unsere \u00a0hoch qualitativen Betonsteinschalungen. Zum 1. \u00a0September 2017 sind wir umgezogen und Sie finden uns seitdem in unseren neuen R\u00e4umlichkeiten in \u00a0Burglengenfeld, Nahe&#8230; <a class=\"read-more\" href=\"https:\/\/www.domesle.eu\/?page_id=2051\"> READ MORE<\/a><\/p>\n","protected":false},"author":5,"featured_media":0,"parent":0,"menu_order":2,"comment_status":"closed","ping_status":"closed","template":"","meta":{"inline_featured_image":false,"footnotes":""},"class_list":["post-2051","page","type-page","status-publish","hentry"],"_links":{"self":[{"href":"https:\/\/www.domesle.eu\/index.php?rest_route=\/wp\/v2\/pages\/2051","targetHints":{"allow":["GET"]}}],"collection":[{"href":"https:\/\/www.domesle.eu\/index.php?rest_route=\/wp\/v2\/pages"}],"about":[{"href":"https:\/\/www.domesle.eu\/index.php?rest_route=\/wp\/v2\/types\/page"}],"author":[{"embeddable":true,"href":"https:\/\/www.domesle.eu\/index.php?rest_route=\/wp\/v2\/users\/5"}],"replies":[{"embeddable":true,"href":"https:\/\/www.domesle.eu\/index.php?rest_route=%2Fwp%2Fv2%2Fcomments&post=2051"}],"version-history":[{"count":18,"href":"https:\/\/www.domesle.eu\/index.php?rest_route=\/wp\/v2\/pages\/2051\/revisions"}],"predecessor-version":[{"id":2726,"href":"https:\/\/www.domesle.eu\/index.php?rest_route=\/wp\/v2\/pages\/2051\/revisions\/2726"}],"wp:attachment":[{"href":"https:\/\/www.domesle.eu\/index.php?rest_route=%2Fwp%2Fv2%2Fmedia&parent=2051"}],"curies":[{"name":"wp","href":"https:\/\/api.w.org\/{rel}","templated":true}]}}