{"id":14,"date":"2015-10-26T11:17:09","date_gmt":"2015-10-26T11:17:09","guid":{"rendered":"http:\/\/www.cortana.osthemes.biz\/?page_id=14"},"modified":"2023-01-25T12:42:12","modified_gmt":"2023-01-25T11:42:12","slug":"start-2","status":"publish","type":"page","link":"https:\/\/www.domesle.eu\/","title":{"rendered":"Aktuelles"},"content":{"rendered":"<p>[vc_row][vc_column el_class=&#8220;no-bg&#8220;][rev_slider_vc alias=&#8220;slider-home-2&#8243;][\/vc_column][\/vc_row][vc_row][vc_column el_class=&#8220;no-margin-no-padding&#8220; css=&#8220;.vc_custom_1516866663018{background-image: url(http:\/\/www.domesle.eu\/wp-content\/uploads\/2017\/01\/fertige-Betonsteine-Betonbloecke-4.jpg?id=2348) !important;background-position: center !important;background-repeat: no-repeat !important;background-size: cover !important;}&#8220;][vc_cta h2=&#8220;&#8220; shape=&#8220;square&#8220; add_button=&#8220;right&#8220; btn_title=&#8220;zum Produkt&#8220; btn_i_icon_fontawesome=&#8220;fa fa-hand-pointer-o&#8220; css=&#8220;.vc_custom_1516866734170{margin-top: -35px !important;background-image: url(http:\/\/domesle.hrkollektiv.de\/wp-content\/uploads\/2015\/10\/zwischenleiste.png?id=1921) !important;}&#8220; btn_link=&#8220;url:http%3A%2F%2Fwww.domesle.eu%2F%3Fservices%3Dbetonsteinschalungen||&#8220; btn_add_icon=&#8220;true&#8220;]<\/p>\n<h4><span style=\"color: #ffffff;\">DOMESLE-Betonstein-Schalungen sichern Ihnen immer absolut exakte Ma\u00dfgenauigkeit und hervorragende Optik Ihrer Steine zu. \u00dcberzeugen Sie sich von unseren stabilen, einfach zu bedienenden Schalungen!<\/span><\/h4>\n<p>[\/vc_cta][\/vc_column][\/vc_row][vc_row full_height=&#8220;yes&#8220; content_placement=&#8220;top&#8220; css=&#8220;.vc_custom_1516270079117{margin-top: 0px !important;border-top-width: 0px !important;padding-top: 0px !important;background-image: url(http:\/\/domesle.hrkollektiv.de\/wp-content\/uploads\/2015\/10\/sichtbeton-domesle-platzhalter-bild.jpg?id=2376) !important;background-position: 0 0 !important;background-repeat: repeat !important;border-top-color: #e0e0e0 !important;border-top-style: solid !important;}&#8220;][vc_column css=&#8220;.vc_custom_1514633451239{margin-top: 0px !important;border-top-width: 0px !important;padding-top: 0px !important;background-position: center !important;background-repeat: no-repeat !important;background-size: cover !important;}&#8220;][vc_row_inner layout=&#8220;boxed&#8220; css=&#8220;.vc_custom_1516029854287{background-color: rgba(255,255,255,0.37) !important;*background-color: rgb(255,255,255) !important;}&#8220;][vc_column_inner width=&#8220;1\/2&#8243; css=&#8220;.vc_custom_1516029874696{padding-right: 150px !important;}&#8220;][vc_empty_space height=&#8220;60px&#8220;]\t\t\t<div class=\"cortana-heading border-bottom left style1 \" >\n\t\t\t\t\t\t\t\t\t<h2 style=\"font-size:20px\">AKTUELLES<\/h2>\n\t\t\t\t\t\t\t<\/div>\n\t\t\t[vc_empty_space height=&#8220;60px&#8220;][vc_column_text el_class=&#8220;margin-bottom-25&#8243;]<\/p>\n<hr \/>\n<p>Erfahren Sie mehr \u00fcber unsere Betonsteinschalungen <a href=\"http:\/\/www.domesle.eu\/?services=betonsteinschalungen-ohne-bodenplatte\"><strong><span style=\"color: #ff0000;\">OHNE<\/span> <\/strong>Bodenplatte<\/a><\/p>\n<p><img loading=\"lazy\" decoding=\"async\" class=\"size-medium wp-image-2591\" src=\"http:\/\/www.domesle.eu\/wp-content\/uploads\/2022\/06\/12x06x06-m-DOMESLE-Betonsteinschalung-ohne-Bodenplatte-gro\u00dfe-Positiv-und-Negativk\u00f6rper1-300x225.jpg\" alt=\"\" width=\"300\" height=\"225\" srcset=\"https:\/\/www.domesle.eu\/wp-content\/uploads\/2022\/06\/12x06x06-m-DOMESLE-Betonsteinschalung-ohne-Bodenplatte-gro\u00dfe-Positiv-und-Negativk\u00f6rper1-300x225.jpg 300w, https:\/\/www.domesle.eu\/wp-content\/uploads\/2022\/06\/12x06x06-m-DOMESLE-Betonsteinschalung-ohne-Bodenplatte-gro\u00dfe-Positiv-und-Negativk\u00f6rper1-768x576.jpg 768w, https:\/\/www.domesle.eu\/wp-content\/uploads\/2022\/06\/12x06x06-m-DOMESLE-Betonsteinschalung-ohne-Bodenplatte-gro\u00dfe-Positiv-und-Negativk\u00f6rper1.jpg 1024w\" sizes=\"auto, (max-width: 300px) 100vw, 300px\" \/><\/p>\n<h4><\/h4>\n<p>[\/vc_column_text][vc_empty_space height=&#8220;60px&#8220;][\/vc_column_inner][vc_column_inner width=&#8220;1\/2&#8243; css=&#8220;.vc_custom_1516030101090{padding-right: 75px !important;}&#8220;][vc_empty_space height=&#8220;155px&#8220;][vc_column_text el_class=&#8220;margin-bottom-25&#8243;]<span style=\"font-size: large;\"><span style=\"font-family: Calibri, sans-serif;\"><b>Top Betonsteinschalungen<br \/>\n<\/b><\/span><\/span><\/p>\n<hr \/>\n<p><a href=\"http:\/\/www.domesle.eu\/?services=betonsteinschalungen\"><span style=\"color: #ff0000;\"><strong>DOMESLE<\/strong> <\/span>Betonsteinschalungen<\/a> sind stabil, langlebig und leicht zu bedienen. Ein Mitarbeiter kann einfach und kranunabh\u00e4ngig die Betonsteinschalung Einschalen!<\/p>\n<p><a href=\"http:\/\/www.domesle.eu\/?services=betonsteinschalungen\"><span style=\"color: #ff0000;\"><strong>DOMESLE<\/strong> <\/span>Betonblockschalungen<\/a> sind praxiserprobt und durchdacht: Alle Schalungen verf\u00fcgen \u00fcber Fingerschutz und Einschalhilfe.<\/p>\n<p><a href=\"http:\/\/www.domesle.eu\/?services=betonsteinschalungen-ohne-bodenplatte\"><strong><span style=\"color: #ff0000;\">DOMESLE<\/span> <\/strong><span style=\"color: #ff0000;\">Betonsteinschalungen<\/span><\/a> gibt es auch <strong><span style=\"color: #ff0000;\"><a href=\"http:\/\/www.domesle.eu\/?services=betonsteinschalungen-ohne-bodenplatte\">OHNE Bodenplatte<\/a><span style=\"color: #000000;\">!<\/span><\/span><\/strong><\/p>\n<p>Perfekte Betonsteine sind einfach zu betonieren mit den hochqualitativen Betonsteinschalungen von <span style=\"color: #ff0000;\"><strong>DOMESLE<\/strong><\/span>.[\/vc_column_text][\/vc_column_inner][\/vc_row_inner][\/vc_column][\/vc_row][vc_row css=&#8220;.vc_custom_1458749930377{padding-top: 60px !important;padding-bottom: 55px !important;background-color: #f2f2f2 !important;}&#8220;][vc_column][vc_row_inner layout=&#8220;boxed&#8220;][vc_column_inner]\t\t\t\t<div class=\"cortana-service col-2 title-border  \" >\n\t\t\t\t\t\t\t\t\t\t\t<h3 class=\"cortana-title title-larger\">PRODUKTE<\/h3>\n\t\t\t\t\t\t\t\t\t\t<div class=\"row\">\n\t\t\t\t\t\t\n\t\t\t\t\t\t\t<div class=\"col-lg-6 col-md-6 col-sm-3  col-xs-12\">\n\t\t\t\t\t\t\t\t<div class=\"cortana-service-item\">\n\t\t\t\t\t\t\t\t\t<h4 class=\"cortana-title\">Betonsteinschalungen &#8211; ohne Bodenplatte<\/h4>\n\t\t\t\t\t\t\t\t\t\t\t\t\t\t\t\t\t\t\t<div class=\"cortana-service-thumb\">\n\t\t\t\t\t\t\t\t\t\t\t<img decoding=\"async\" src=\"https:\/\/www.domesle.eu\/wp-content\/uploads\/2022\/06\/12x06x06-m-DOMESLE-Betonsteinschalung-ohne-Bodenplatte-gro\u00dfe-Positiv-und-Negativk\u00f6rper1-370x247.jpg\" alt=\"service\" \/>\n\n\t\t\t\t\t\t\t\t\t\t\t<div class=\"hover-action\">\n\t\t\t\t\t\t\t\t\t\t\t\t<a href=\"https:\/\/www.domesle.eu\/?services=betonsteinschalungen-ohne-bodenplatte\"><i class=\"fa fa-link\"><\/i><\/a>\n\t\t\t\t\t\t\t\t\t\t\t<\/div>\n\t\t\t\t\t\t\t\t\t\t<\/div>\n\t\t\t\t\t\t\t\t\t\t\t\t\t\t\t\t\t\t<div class=\"cortana-service-content\">\n\t\t\t\t\t\t\t\t\t\t<div class=\"service-excerpt\">\n\t\t\t\t\t\t\t\t\t\t\tDie DOMESLE-Betonstein-Schalungen sichern Ihnen immer absolut exakte  Ma\u00dfgenauigkeit und hervorragende Optik Ihrer Steine zu. Alle Kanten  werden selbstverst\u00e4ndlich mit Dreikantleisten gebrochen. Wir bieten  verschiedenste Abmessungen an. Unsere Betonblock - Schalungen erhalten  Sie auch ohne Bodenplatte. Die damit produzierten Betonsteine oder Betonbl\u00f6cke sind absolut ma\u00dfgenau und optisch sehr ansprechend und damit besonders gut f\u00fcr den Garten- und Landschaftsbau (GaLa-Bau) geeignet. Selbstverst\u00e4ndlich aber auch f\u00fcr alle Fertigbetonteilwerke, Beton- und Sch\u00fcttgut-Hersteller, Bauunternehmern...\t\t\t\t\t\t\t\t\t\t<\/div>\n\t\t\t\t\t\t\t\t\t\t\t\t\t\t\t\t\t\t\t\t\t<a class=\"service-readmore\" href=\"https:\/\/www.domesle.eu\/?services=betonsteinschalungen-ohne-bodenplatte\">\n\t\t\t\t\t\t\t\t\t\t\t\tRead More\t\t\t\t\t\t\t\t\t\t\t<\/a>\n\t\t\t\t\t\t\t\t\t\t\t\t\t\t\t\t\t\t\t<\/div>\n\t\t\t\t\t\t\t\t<\/div>\n\t\t\t\t\t\t\t<\/div>\n\n\t\t\t\t\t\t\n\t\t\t\t\t\t\t<div class=\"col-lg-6 col-md-6 col-sm-3  col-xs-12\">\n\t\t\t\t\t\t\t\t<div class=\"cortana-service-item\">\n\t\t\t\t\t\t\t\t\t<h4 class=\"cortana-title\">Betonsteinschalungen &#8211; mit Bodenplatte<\/h4>\n\t\t\t\t\t\t\t\t\t\t\t\t\t\t\t\t\t\t\t<div class=\"cortana-service-thumb\">\n\t\t\t\t\t\t\t\t\t\t\t<img decoding=\"async\" src=\"https:\/\/www.domesle.eu\/wp-content\/uploads\/2018\/07\/Betonsteinschalung-370x247.jpg\" alt=\"service\" \/>\n\n\t\t\t\t\t\t\t\t\t\t\t<div class=\"hover-action\">\n\t\t\t\t\t\t\t\t\t\t\t\t<a href=\"https:\/\/www.domesle.eu\/?services=betonsteinschalungen\"><i class=\"fa fa-link\"><\/i><\/a>\n\t\t\t\t\t\t\t\t\t\t\t<\/div>\n\t\t\t\t\t\t\t\t\t\t<\/div>\n\t\t\t\t\t\t\t\t\t\t\t\t\t\t\t\t\t\t<div class=\"cortana-service-content\">\n\t\t\t\t\t\t\t\t\t\t<div class=\"service-excerpt\">\n\t\t\t\t\t\t\t\t\t\t\tDie DOMESLE-Betonstein-Schalungen sichern Ihnen immer absolut exakte  Ma\u00dfgenauigkeit und hervorragende Optik Ihrer Steine zu. Alle Kanten  werden selbstverst\u00e4ndlich mit Dreikantleisten gebrochen. Wir bieten  verschiedenste Abmessungen an. Unsere Betonblock - Schalungen erhalten  Sie bei uns mit Bodenplatte und abklappbaren Seitenw\u00e4nden. Alle Betonstein-Schalungen sind flexibel einsetzbar, da sie jederzeit mit einem Gabelstapler versetzt werden k\u00f6nnen. Die damit produzierten Betonsteine oder Betonbl\u00f6cke sind absolut ma\u00dfgenau und optisch sehr ansprechend und damit besonders gut f\u00fcr den Garten- und Landschaftsbau (GaLa-Bau) geeignet. Selbstverst\u00e4ndlich aber auch f\u00fcr alle Fertigbetonteilwerke, Beton- und Sch\u00fcttgut-Hersteller, Bauunternehmern...\t\t\t\t\t\t\t\t\t\t<\/div>\n\t\t\t\t\t\t\t\t\t\t\t\t\t\t\t\t\t\t\t\t\t<a class=\"service-readmore\" href=\"https:\/\/www.domesle.eu\/?services=betonsteinschalungen\">\n\t\t\t\t\t\t\t\t\t\t\t\tRead More\t\t\t\t\t\t\t\t\t\t\t<\/a>\n\t\t\t\t\t\t\t\t\t\t\t\t\t\t\t\t\t\t\t<\/div>\n\t\t\t\t\t\t\t\t<\/div>\n\t\t\t\t\t\t\t<\/div>\n\n\t\t\t\t\t\t\t\t\t\t\t<\/div>\n\t\t\t\t<\/div>\n\t\t\t\t[\/vc_column_inner][\/vc_row_inner][\/vc_column][\/vc_row]<\/p>\n","protected":false},"excerpt":{"rendered":"<p>[vc_row][vc_column el_class=&#8220;no-bg&#8220;][rev_slider_vc alias=&#8220;slider-home-2&#8243;][\/vc_column][\/vc_row][vc_row][vc_column el_class=&#8220;no-margin-no-padding&#8220; css=&#8220;.vc_custom_1516866663018{background-image: url(http:\/\/www.domesle.eu\/wp-content\/uploads\/2017\/01\/fertige-Betonsteine-Betonbloecke-4.jpg?id=2348) !important;background-position: center !important;background-repeat: no-repeat !important;background-size: cover !important;}&#8220;][vc_cta h2=&#8220;&#8220; shape=&#8220;square&#8220; add_button=&#8220;right&#8220; btn_title=&#8220;zum Produkt&#8220; btn_i_icon_fontawesome=&#8220;fa fa-hand-pointer-o&#8220; css=&#8220;.vc_custom_1516866734170{margin-top: -35px !important;background-image: url(http:\/\/domesle.hrkollektiv.de\/wp-content\/uploads\/2015\/10\/zwischenleiste.png?id=1921) !important;}&#8220; btn_link=&#8220;url:http%3A%2F%2Fwww.domesle.eu%2F%3Fservices%3Dbetonsteinschalungen||&#8220; btn_add_icon=&#8220;true&#8220;] DOMESLE-Betonstein-Schalungen sichern Ihnen immer absolut exakte Ma\u00dfgenauigkeit und hervorragende Optik Ihrer Steine zu. \u00dcberzeugen Sie sich von unseren stabilen, einfach zu bedienenden Schalungen! [\/vc_cta][\/vc_column][\/vc_row][vc_row full_height=&#8220;yes&#8220; content_placement=&#8220;top&#8220; css=&#8220;.vc_custom_1516270079117{margin-top: 0px&#8230; <a class=\"read-more\" href=\"https:\/\/www.domesle.eu\/?services=betonsteinschalungen\"> READ MORE<\/a><\/p>\n","protected":false},"author":2,"featured_media":0,"parent":0,"menu_order":1,"comment_status":"closed","ping_status":"closed","template":"","meta":{"inline_featured_image":false,"footnotes":""},"class_list":["post-14","page","type-page","status-publish","hentry"],"_links":{"self":[{"href":"https:\/\/www.domesle.eu\/index.php?rest_route=\/wp\/v2\/pages\/14","targetHints":{"allow":["GET"]}}],"collection":[{"href":"https:\/\/www.domesle.eu\/index.php?rest_route=\/wp\/v2\/pages"}],"about":[{"href":"https:\/\/www.domesle.eu\/index.php?rest_route=\/wp\/v2\/types\/page"}],"author":[{"embeddable":true,"href":"https:\/\/www.domesle.eu\/index.php?rest_route=\/wp\/v2\/users\/2"}],"replies":[{"embeddable":true,"href":"https:\/\/www.domesle.eu\/index.php?rest_route=%2Fwp%2Fv2%2Fcomments&post=14"}],"version-history":[{"count":110,"href":"https:\/\/www.domesle.eu\/index.php?rest_route=\/wp\/v2\/pages\/14\/revisions"}],"predecessor-version":[{"id":2727,"href":"https:\/\/www.domesle.eu\/index.php?rest_route=\/wp\/v2\/pages\/14\/revisions\/2727"}],"wp:attachment":[{"href":"https:\/\/www.domesle.eu\/index.php?rest_route=%2Fwp%2Fv2%2Fmedia&parent=14"}],"curies":[{"name":"wp","href":"https:\/\/api.w.org\/{rel}","templated":true}]}}